{"id":9,"date":"2025-11-22T06:27:53","date_gmt":"2025-11-22T06:27:53","guid":{"rendered":"http:\/\/aromas.tudgt.net\/?page_id=9"},"modified":"2025-11-25T14:39:12","modified_gmt":"2025-11-25T19:39:12","slug":"home","status":"publish","type":"page","link":"https:\/\/aromas.tudgt.net\/","title":{"rendered":"Home"},"content":{"rendered":"\t\t<div data-elementor-type=\"wp-page\" data-elementor-id=\"9\" class=\"elementor elementor-9\" data-elementor-post-type=\"page\">\n\t\t\t\t<div class=\"elementor-element elementor-element-740982d e-grid e-con-boxed e-con e-parent\" data-id=\"740982d\" data-element_type=\"container\" data-settings=\"{&quot;background_background&quot;:&quot;classic&quot;}\">\n\t\t\t\t\t<div class=\"e-con-inner\">\n\t\t\t\t<div class=\"elementor-element elementor-element-8bfd514 elementor-position-top elementor-widget elementor-widget-image-box\" data-id=\"8bfd514\" data-element_type=\"widget\" data-widget_type=\"image-box.default\">\n\t\t\t\t\t<div class=\"elementor-image-box-wrapper\"><figure class=\"elementor-image-box-img\"><img fetchpriority=\"high\" decoding=\"async\" width=\"1080\" height=\"970\" src=\"https:\/\/aromas.tudgt.net\/wp-content\/uploads\/2025\/11\/cafe-1.png\" class=\"attachment-full size-full wp-image-120\" alt=\"\" srcset=\"https:\/\/aromas.tudgt.net\/wp-content\/uploads\/2025\/11\/cafe-1.png 1080w, https:\/\/aromas.tudgt.net\/wp-content\/uploads\/2025\/11\/cafe-1-300x269.png 300w, https:\/\/aromas.tudgt.net\/wp-content\/uploads\/2025\/11\/cafe-1-1024x920.png 1024w, https:\/\/aromas.tudgt.net\/wp-content\/uploads\/2025\/11\/cafe-1-768x690.png 768w\" sizes=\"(max-width: 1080px) 100vw, 1080px\" \/><\/figure><div class=\"elementor-image-box-content\"><h3 class=\"elementor-image-box-title\">Caf\u00e9 Molido <\/h3><p class=\"elementor-image-box-description\">Tost\u00f3n Media<br>\nFragancia: Vainilla<br>\nAroma: Caramelo<br>\nResidual: cacao con sutil dulce de brevas<br>\nAcidez: Citrica media<\/p><\/div><\/div>\t\t\t\t<\/div>\n\t\t\t\t<div class=\"elementor-element elementor-element-98e5e65 elementor-position-top elementor-widget elementor-widget-image-box\" data-id=\"98e5e65\" data-element_type=\"widget\" data-widget_type=\"image-box.default\">\n\t\t\t\t\t<div class=\"elementor-image-box-wrapper\"><figure class=\"elementor-image-box-img\"><img decoding=\"async\" width=\"1080\" height=\"970\" src=\"https:\/\/aromas.tudgt.net\/wp-content\/uploads\/2025\/11\/cafe-2.png\" class=\"attachment-full size-full wp-image-119\" alt=\"\" srcset=\"https:\/\/aromas.tudgt.net\/wp-content\/uploads\/2025\/11\/cafe-2.png 1080w, https:\/\/aromas.tudgt.net\/wp-content\/uploads\/2025\/11\/cafe-2-300x269.png 300w, https:\/\/aromas.tudgt.net\/wp-content\/uploads\/2025\/11\/cafe-2-1024x920.png 1024w, https:\/\/aromas.tudgt.net\/wp-content\/uploads\/2025\/11\/cafe-2-768x690.png 768w\" sizes=\"(max-width: 1080px) 100vw, 1080px\" \/><\/figure><div class=\"elementor-image-box-content\"><h3 class=\"elementor-image-box-title\">Caf\u00e9 Molido<\/h3><p class=\"elementor-image-box-description\">Tost\u00f3n Oscura<br>\nFragancia: Caramelo<br>\nAroma: Cacao<br>\nResidual: Chocolate amargo<br>\nAcidez: C\u00edtrica de baja intensidad<\/p><\/div><\/div>\t\t\t\t<\/div>\n\t\t\t\t<div class=\"elementor-element elementor-element-610da59 elementor-position-top elementor-widget elementor-widget-image-box\" data-id=\"610da59\" data-element_type=\"widget\" data-widget_type=\"image-box.default\">\n\t\t\t\t\t<div class=\"elementor-image-box-wrapper\"><figure class=\"elementor-image-box-img\"><img decoding=\"async\" width=\"1080\" height=\"970\" src=\"https:\/\/aromas.tudgt.net\/wp-content\/uploads\/2025\/11\/cafe-3.png\" class=\"attachment-full size-full wp-image-118\" alt=\"\" srcset=\"https:\/\/aromas.tudgt.net\/wp-content\/uploads\/2025\/11\/cafe-3.png 1080w, https:\/\/aromas.tudgt.net\/wp-content\/uploads\/2025\/11\/cafe-3-300x269.png 300w, https:\/\/aromas.tudgt.net\/wp-content\/uploads\/2025\/11\/cafe-3-1024x920.png 1024w, https:\/\/aromas.tudgt.net\/wp-content\/uploads\/2025\/11\/cafe-3-768x690.png 768w\" sizes=\"(max-width: 1080px) 100vw, 1080px\" \/><\/figure><div class=\"elementor-image-box-content\"><h3 class=\"elementor-image-box-title\">Caf\u00e9 en grano<\/h3><p class=\"elementor-image-box-description\">Tost\u00f3n Oscura<br>\nFragancia: Caramelo<br>\nAroma: Cacao<br>\nResidual: Chocolate amargo<br>\nAcidez: C\u00edtrica de baja intensidad<\/p><\/div><\/div>\t\t\t\t<\/div>\n\t\t\t\t\t<\/div>\n\t\t\t\t<\/div>\n\t\t\t\t<\/div>\n\t\t","protected":false},"excerpt":{"rendered":"<p>Caf\u00e9 Molido Tost\u00f3n Media Fragancia: Vainilla Aroma: Caramelo Residual: cacao con sutil dulce de brevas Acidez: Citrica media Caf\u00e9 Molido Tost\u00f3n Oscura Fragancia: Caramelo Aroma: Cacao Residual: Chocolate amargo Acidez: C\u00edtrica de baja intensidad Caf\u00e9 en grano Tost\u00f3n Oscura Fragancia: Caramelo Aroma: Cacao Residual: Chocolate amargo Acidez: C\u00edtrica de baja intensidad<\/p>\n","protected":false},"author":1,"featured_media":0,"parent":0,"menu_order":0,"comment_status":"closed","ping_status":"closed","template":"elementor_header_footer","meta":{"footnotes":""},"class_list":["post-9","page","type-page","status-publish","hentry"],"_links":{"self":[{"href":"https:\/\/aromas.tudgt.net\/index.php\/wp-json\/wp\/v2\/pages\/9","targetHints":{"allow":["GET"]}}],"collection":[{"href":"https:\/\/aromas.tudgt.net\/index.php\/wp-json\/wp\/v2\/pages"}],"about":[{"href":"https:\/\/aromas.tudgt.net\/index.php\/wp-json\/wp\/v2\/types\/page"}],"author":[{"embeddable":true,"href":"https:\/\/aromas.tudgt.net\/index.php\/wp-json\/wp\/v2\/users\/1"}],"replies":[{"embeddable":true,"href":"https:\/\/aromas.tudgt.net\/index.php\/wp-json\/wp\/v2\/comments?post=9"}],"version-history":[{"count":56,"href":"https:\/\/aromas.tudgt.net\/index.php\/wp-json\/wp\/v2\/pages\/9\/revisions"}],"predecessor-version":[{"id":175,"href":"https:\/\/aromas.tudgt.net\/index.php\/wp-json\/wp\/v2\/pages\/9\/revisions\/175"}],"wp:attachment":[{"href":"https:\/\/aromas.tudgt.net\/index.php\/wp-json\/wp\/v2\/media?parent=9"}],"curies":[{"name":"wp","href":"https:\/\/api.w.org\/{rel}","templated":true}]}}